{"id":1022,"date":"2019-12-15T14:08:55","date_gmt":"2019-12-15T13:08:55","guid":{"rendered":"http:\/\/www.fabienfoulon.fr\/?page_id=1022"},"modified":"2022-01-26T20:29:25","modified_gmt":"2022-01-26T19:29:25","slug":"actualite","status":"publish","type":"page","link":"https:\/\/www.fgfcreation.fr\/index.php\/actualite\/","title":{"rendered":"Actualit\u00e9"},"content":{"rendered":"<p>[et_pb_section fb_built=\u00a0\u00bb1&Prime; _builder_version=\u00a0\u00bb4.0.9&Prime; global_colors_info=\u00a0\u00bb{}\u00a0\u00bb custom_padding=\u00a0\u00bb||0px|||\u00a0\u00bb][et_pb_row _builder_version=\u00a0\u00bb4.0.9&Prime; global_colors_info=\u00a0\u00bb{}\u00a0\u00bb][et_pb_column type=\u00a0\u00bb4_4&Prime; _builder_version=\u00a0\u00bb4.0.9&Prime; global_colors_info=\u00a0\u00bb{}\u00a0\u00bb][et_pb_text _builder_version=\u00a0\u00bb4.0.9&Prime; global_colors_info=\u00a0\u00bb{}\u00a0\u00bb]<\/p>\n<h4><span style=\"color: #000000;\"><strong>Exposition Design Please do so, WDC2020, organis\u00e9e par le MUba et Lille Design. <\/strong><\/span><\/h4>\n<h4>Pr\u00e9sentation des projets : Angle, Plug in, Verre balade.<\/h4>\n<h4><span style=\"color: #000000;\"><\/span>MUba Eug\u00e8ne Leroy, Tourcoing, du 10.10.2020 au 07.03.2021.<span style=\"color: #000000;\"><\/span><\/h4>\n<p>[\/et_pb_text][et_pb_image src=\u00a0\u00bbhttps:\/\/www.fgfcreation.fr\/wp-content\/uploads\/2022\/01\/bandeau-expo-please-do-so.jpg\u00a0\u00bb title_text=\u00a0\u00bbbandeau-expo-please-do-so\u00a0\u00bb _builder_version=\u00a0\u00bb4.14.6&Prime; width=\u00a0\u00bb100%\u00a0\u00bb global_colors_info=\u00a0\u00bb{}\u00a0\u00bb][\/et_pb_image][\/et_pb_column][\/et_pb_row][et_pb_row _builder_version=\u00a0\u00bb4.0.9&Prime; global_colors_info=\u00a0\u00bb{}\u00a0\u00bb][et_pb_column type=\u00a0\u00bb4_4&Prime; _builder_version=\u00a0\u00bb4.0.9&Prime; global_colors_info=\u00a0\u00bb{}\u00a0\u00bb][et_pb_text _builder_version=\u00a0\u00bb4.0.9&Prime; global_colors_info=\u00a0\u00bb{}\u00a0\u00bb]<\/p>\n<h4><strong>Exposition \u00ab\u00a0TROUVER LE NORD\u00a0\u00bb dans la galerie de l\u2019ESAD de Valenciennes. Mars 2020<\/strong><\/h4>\n<h4>Pr\u00e9sentation des luminaires : Circles, Cube n\u00b01315<\/h4>\n<h4>Mars 2020<\/h4>\n<p>[\/et_pb_text][et_pb_image src=\u00a0\u00bbhttps:\/\/www.fgfcreation.fr\/wp-content\/uploads\/2022\/01\/bandeau-expo-traver-le-nord-1.jpg\u00a0\u00bb _builder_version=\u00a0\u00bb4.14.7&Prime; width=\u00a0\u00bb100%\u00a0\u00bb hover_enabled=\u00a0\u00bb0&Prime; global_colors_info=\u00a0\u00bb{}\u00a0\u00bb title_text=\u00a0\u00bbbandeau-expo-traver-le-nord\u00a0\u00bb sticky_enabled=\u00a0\u00bb0&Prime;][\/et_pb_image][\/et_pb_column][\/et_pb_row][et_pb_row _builder_version=\u00a0\u00bb4.0.9&Prime; global_colors_info=\u00a0\u00bb{}\u00a0\u00bb][et_pb_column type=\u00a0\u00bb4_4&Prime; _builder_version=\u00a0\u00bb4.0.9&Prime; global_colors_info=\u00a0\u00bb{}\u00a0\u00bb][et_pb_text _builder_version=\u00a0\u00bb4.0.9&Prime; global_colors_info=\u00a0\u00bb{}\u00a0\u00bb]<\/p>\n<h4><strong>Exposition L\u2019Eldorado de la R\u00e9cup\u00e9ration, Eldorado Lille 3000<\/strong><br \/>Installation lumi\u00e8re interactive sur le th\u00e8me de la science-fiction et de la r\u00e9cup\u00e9ration.<br \/>La Ferme d\u2019en Haut, Villeneuve d\u2019Ascq, du 27.04 au 07.07.2019.<\/h4>\n<p>[\/et_pb_text][et_pb_image src=\u00a0\u00bbhttps:\/\/www.fgfcreation.fr\/wp-content\/uploads\/2020\/01\/Bandeau_Actu3.jpg\u00a0\u00bb _builder_version=\u00a0\u00bb4.0.9&Prime; width=\u00a0\u00bb100%\u00a0\u00bb global_colors_info=\u00a0\u00bb{}\u00a0\u00bb][\/et_pb_image][\/et_pb_column][\/et_pb_row][et_pb_row _builder_version=\u00a0\u00bb4.0.9&Prime; global_colors_info=\u00a0\u00bb{}\u00a0\u00bb][et_pb_column type=\u00a0\u00bb4_4&Prime; _builder_version=\u00a0\u00bb4.0.9&Prime; global_colors_info=\u00a0\u00bb{}\u00a0\u00bb][et_pb_text _builder_version=\u00a0\u00bb4.0.9&Prime; global_colors_info=\u00a0\u00bb{}\u00a0\u00bb]<\/p>\n<h4><strong>Paris Design Week 2018 : Exposition (R\u00e9)emploi, l\u2019histoire de nos territoires ! Organis\u00e9e par le Collectif M.<\/strong><br \/>Pr\u00e9sentation du luminaire : Circles.<br \/>Mairie du 18\u00e8me, Paris, du 06.09 au 15.09.2018.<\/h4>\n<p>[\/et_pb_text][et_pb_image src=\u00a0\u00bbhttps:\/\/www.fgfcreation.fr\/wp-content\/uploads\/2020\/01\/Bandeau_Actu_PDW2018_CollectifM.jpg\u00a0\u00bb _builder_version=\u00a0\u00bb4.0.9&Prime; global_colors_info=\u00a0\u00bb{}\u00a0\u00bb][\/et_pb_image][\/et_pb_column][\/et_pb_row][\/et_pb_section][et_pb_section fb_built=\u00a0\u00bb1&Prime; _builder_version=\u00a0\u00bb4.0.9&Prime; global_colors_info=\u00a0\u00bb{}\u00a0\u00bb custom_padding=\u00a0\u00bb4px|||||\u00a0\u00bb][et_pb_row _builder_version=\u00a0\u00bb4.0.9&Prime; global_colors_info=\u00a0\u00bb{}\u00a0\u00bb][et_pb_column type=\u00a0\u00bb4_4&Prime; _builder_version=\u00a0\u00bb4.0.9&Prime; global_colors_info=\u00a0\u00bb{}\u00a0\u00bb][et_pb_text _builder_version=\u00a0\u00bb4.0.9&Prime; global_colors_info=\u00a0\u00bb{}\u00a0\u00bb]<\/p>\n<h4><strong>Exposition Hybrid[e], le design fran\u00e7ais se m\u00e9tamorphose ! <\/strong><\/h4>\n<h4>Organis\u00e9e par le Collectif M.<br \/>Pr\u00e9sentation du luminaire : Circles.<br \/>Galerie du VIA 11\u00e8me, Paris, du 20.04 au 06.05.2018.<\/h4>\n<p>[\/et_pb_text][et_pb_image src=\u00a0\u00bbhttps:\/\/www.fgfcreation.fr\/wp-content\/uploads\/2020\/01\/actu1.jpg\u00a0\u00bb _builder_version=\u00a0\u00bb4.0.9&Prime; global_colors_info=\u00a0\u00bb{}\u00a0\u00bb][\/et_pb_image][\/et_pb_column][\/et_pb_row][\/et_pb_section]<\/p>\n","protected":false},"excerpt":{"rendered":"<p>Exposition Design Please do so, WDC2020, organis\u00e9e par le MUba et Lille Design. Pr\u00e9sentation des projets : Angle, Plug in, Verre balade. MUba Eug\u00e8ne Leroy, Tourcoing, du 10.10.2020 au 07.03.2021.Exposition \u00ab\u00a0TROUVER LE NORD\u00a0\u00bb dans la galerie de l\u2019ESAD de Valenciennes. Mars 2020 Pr\u00e9sentation des luminaires : Circles, Cube n\u00b01315 Mars 2020Exposition L\u2019Eldorado de la R\u00e9cup\u00e9ration, [&hellip;]<\/p>\n","protected":false},"author":1,"featured_media":0,"parent":0,"menu_order":0,"comment_status":"closed","ping_status":"closed","template":"","meta":{"_et_pb_use_builder":"on","_et_pb_old_content":"<!-- wp:divi\/placeholder \/-->","_et_gb_content_width":"","footnotes":""},"_links":{"self":[{"href":"https:\/\/www.fgfcreation.fr\/index.php\/wp-json\/wp\/v2\/pages\/1022"}],"collection":[{"href":"https:\/\/www.fgfcreation.fr\/index.php\/wp-json\/wp\/v2\/pages"}],"about":[{"href":"https:\/\/www.fgfcreation.fr\/index.php\/wp-json\/wp\/v2\/types\/page"}],"author":[{"embeddable":true,"href":"https:\/\/www.fgfcreation.fr\/index.php\/wp-json\/wp\/v2\/users\/1"}],"replies":[{"embeddable":true,"href":"https:\/\/www.fgfcreation.fr\/index.php\/wp-json\/wp\/v2\/comments?post=1022"}],"version-history":[{"count":7,"href":"https:\/\/www.fgfcreation.fr\/index.php\/wp-json\/wp\/v2\/pages\/1022\/revisions"}],"predecessor-version":[{"id":2168,"href":"https:\/\/www.fgfcreation.fr\/index.php\/wp-json\/wp\/v2\/pages\/1022\/revisions\/2168"}],"wp:attachment":[{"href":"https:\/\/www.fgfcreation.fr\/index.php\/wp-json\/wp\/v2\/media?parent=1022"}],"curies":[{"name":"wp","href":"https:\/\/api.w.org\/{rel}","templated":true}]}}