{"id":1020,"date":"2019-12-15T14:08:38","date_gmt":"2019-12-15T13:08:38","guid":{"rendered":"http:\/\/www.fabienfoulon.fr\/?page_id=1020"},"modified":"2022-05-11T11:39:06","modified_gmt":"2022-05-11T09:39:06","slug":"a-propos","status":"publish","type":"page","link":"https:\/\/www.fgfcreation.fr\/index.php\/a-propos\/","title":{"rendered":"A propos"},"content":{"rendered":"<p>[et_pb_section fb_built=\u00a0\u00bb1&Prime; _builder_version=\u00a0\u00bb4.0.9&Prime; custom_padding=\u00a0\u00bb85px|||||\u00a0\u00bb global_colors_info=\u00a0\u00bb{}\u00a0\u00bb][et_pb_row column_structure=\u00a0\u00bb1_2,1_2&Prime; _builder_version=\u00a0\u00bb4.0.9&Prime; min_height=\u00a0\u00bb836.4px\u00a0\u00bb custom_margin=\u00a0\u00bb-69px|auto||auto||\u00a0\u00bb custom_padding=\u00a0\u00bb2px|0px||||\u00a0\u00bb global_colors_info=\u00a0\u00bb{}\u00a0\u00bb][et_pb_column type=\u00a0\u00bb1_2&Prime; _builder_version=\u00a0\u00bb4.0.9&Prime; global_colors_info=\u00a0\u00bb{}\u00a0\u00bb][et_pb_image src=\u00a0\u00bbhttps:\/\/www.fgfcreation.fr\/wp-content\/uploads\/2020\/01\/photo_profil.jpg\u00a0\u00bb align=\u00a0\u00bbcenter\u00a0\u00bb _builder_version=\u00a0\u00bb4.0.9&Prime; custom_margin=\u00a0\u00bb|-1px||||\u00a0\u00bb custom_padding=\u00a0\u00bb133px|39px||169px||\u00a0\u00bb global_colors_info=\u00a0\u00bb{}\u00a0\u00bb][\/et_pb_image][\/et_pb_column][et_pb_column type=\u00a0\u00bb1_2&Prime; _builder_version=\u00a0\u00bb4.0.9&Prime; global_colors_info=\u00a0\u00bb{}\u00a0\u00bb][et_pb_text _builder_version=\u00a0\u00bb4.0.9&Prime; width=\u00a0\u00bb61.8%\u00a0\u00bb custom_margin=\u00a0\u00bb|74px||||\u00a0\u00bb custom_padding=\u00a0\u00bb20%|1px|||false|false\u00a0\u00bb global_colors_info=\u00a0\u00bb{}\u00a0\u00bb]<\/p>\n<h3 style=\"text-align: justify;\"><span style=\"font-size: large;\">Designer de formation et b\u00e9n\u00e9ficiant d&rsquo;une exp\u00e9rience professionnelle dans le milieu de l\u2019\u00e9quipement \u00e9lectrique urbain li\u00e9 \u00e0 l\u2019\u00e9clairage public et la mise en lumi\u00e8re, je cr\u00e9e mon entreprise FGF Cr\u00e9ation en 2016 \u00e0 Lille &#8211; FRANCE.<\/span><\/h3>\n<h3 style=\"text-align: justify;\"><span style=\"font-size: large;\">Titulaire d&rsquo;un Dipl\u00f4me National Sup\u00e9rieur d\u2019Expression Plastique sp\u00e9cialit\u00e9 Design d\u2019Espace (bac+5), m<\/span><span style=\"font-size: large;\">a pratique plastique questionne la mat\u00e9rialit\u00e9 de la lumi\u00e8re naturelle et artificielle dans l\u2019espace afin d\u2019offrir une exp\u00e9rience sensible \u00e0 l\u2019utilisateur. Je con\u00e7ois, d\u00e9veloppe et fabrique des luminaires innovants bas\u00e9s sur des nouvelles m\u00e9thodes de diffusion de la lumi\u00e8re r\u00e9v\u00e9lant mon propre langage d\u2019expression.<\/span><\/h3>\n<h3 style=\"text-align: justify;\"><span style=\"font-size: large;\">Sp\u00e9cialis\u00e9 dans la conception de produits d\u2019\u00e9clairage, de mises en lumi\u00e8re et en constante veille technologique, je propose mes services dans des domaines vari\u00e9s mais \u00e9troitement li\u00e9s, comme la mise en lumi\u00e8re et l\u2019am\u00e9nagement urbain, l\u2019installation lumi\u00e8re, le design d\u2019espace et d\u2019objet ainsi que l&rsquo;identit\u00e9 visuelle. Une offre polyvalente pour vos projets originaux et novateurs.<\/span><\/h3>\n<p>[\/et_pb_text][\/et_pb_column][\/et_pb_row][\/et_pb_section][et_pb_section fb_built=\u00a0\u00bb1&Prime; _builder_version=\u00a0\u00bb4.0.9&Prime; min_height=\u00a0\u00bb201.3px\u00a0\u00bb custom_padding=\u00a0\u00bb0px||0px|||\u00a0\u00bb global_colors_info=\u00a0\u00bb{}\u00a0\u00bb][et_pb_row column_structure=\u00a0\u00bb1_2,1_2&Prime; _builder_version=\u00a0\u00bb4.0.9&Prime; width=\u00a0\u00bb74.8%\u00a0\u00bb custom_padding=\u00a0\u00bb0px|||118px||\u00a0\u00bb global_colors_info=\u00a0\u00bb{}\u00a0\u00bb][et_pb_column type=\u00a0\u00bb1_2&Prime; _builder_version=\u00a0\u00bb4.0.9&Prime; global_colors_info=\u00a0\u00bb{}\u00a0\u00bb][et_pb_text _builder_version=\u00a0\u00bb4.0.9&Prime; custom_margin=\u00a0\u00bb|103px||||\u00a0\u00bb custom_padding=\u00a0\u00bb42px|||||\u00a0\u00bb global_colors_info=\u00a0\u00bb{}\u00a0\u00bb]<\/p>\n<h3 style=\"text-align: justify;\"><strong>2012-2016<\/strong><br \/><span style=\"font-size: large;\">J\u2019ai occup\u00e9 le poste d\u2019Infographiste et Concepteur Lumi\u00e8re pendant 4 ans \u00e0 la Direction Op\u00e9rations et D\u00e9veloppement France de CITELUM \/ Groupe EDF Villeneuve d\u2019Ascq. J\u2019\u00e9tais en charge de la valorisation graphique et conceptuelle des offres pour la France en collaboration avec les agences (conceptions et infographies lumi\u00e8re, design, montage et valorisation graphique des dossiers, communication visuelle, photographie diurne et nocturne, charte graphique). J\u2019ai forg\u00e9 mon exp\u00e9rience dans l\u2019\u00e9clairage dans cette soci\u00e9t\u00e9 o\u00f9 j\u2019ai pu r\u00e9v\u00e9ler ma polyvalence.<\/span><\/h3>\n<p>[\/et_pb_text][\/et_pb_column][et_pb_column type=\u00a0\u00bb1_2&Prime; _builder_version=\u00a0\u00bb4.0.9&Prime; global_colors_info=\u00a0\u00bb{}\u00a0\u00bb][et_pb_image src=\u00a0\u00bbhttps:\/\/www.fgfcreation.fr\/wp-content\/uploads\/2020\/01\/LOGOi.png\u00a0\u00bb _builder_version=\u00a0\u00bb4.0.9&Prime; custom_margin=\u00a0\u00bb|110px||||\u00a0\u00bb custom_padding=\u00a0\u00bb66px|113px||0px||\u00a0\u00bb global_colors_info=\u00a0\u00bb{}\u00a0\u00bb][\/et_pb_image][\/et_pb_column][\/et_pb_row][\/et_pb_section][et_pb_section fb_built=\u00a0\u00bb1&Prime; _builder_version=\u00a0\u00bb4.0.9&Prime; global_colors_info=\u00a0\u00bb{}\u00a0\u00bb][et_pb_row column_structure=\u00a0\u00bb1_2,1_2&Prime; _builder_version=\u00a0\u00bb4.0.9&Prime; width=\u00a0\u00bb72.6%\u00a0\u00bb custom_margin=\u00a0\u00bb|auto|-232px|auto||\u00a0\u00bb custom_padding=\u00a0\u00bb0px|||||\u00a0\u00bb global_colors_info=\u00a0\u00bb{}\u00a0\u00bb][et_pb_column type=\u00a0\u00bb1_2&Prime; _builder_version=\u00a0\u00bb4.0.9&Prime; global_colors_info=\u00a0\u00bb{}\u00a0\u00bb][et_pb_image src=\u00a0\u00bbhttps:\/\/www.fgfcreation.fr\/wp-content\/uploads\/2022\/05\/Logo-FGF-Creation-2021-black-rvb.png\u00a0\u00bb title_text=\u00a0\u00bbLogo-FGF-Creation-2021-black-rvb\u00a0\u00bb _builder_version=\u00a0\u00bb4.14.7&Prime; width=\u00a0\u00bb81.2%\u00a0\u00bb custom_margin=\u00a0\u00bb|||186px||\u00a0\u00bb custom_padding=\u00a0\u00bb|160px|0px|14px||\u00a0\u00bb hover_enabled=\u00a0\u00bb0&Prime; global_colors_info=\u00a0\u00bb{}\u00a0\u00bb sticky_enabled=\u00a0\u00bb0&Prime;][\/et_pb_image][\/et_pb_column][et_pb_column type=\u00a0\u00bb1_2&Prime; _builder_version=\u00a0\u00bb4.0.9&Prime; global_colors_info=\u00a0\u00bb{}\u00a0\u00bb][et_pb_text _builder_version=\u00a0\u00bb4.0.9&Prime; width=\u00a0\u00bb82.4%\u00a0\u00bb custom_padding=\u00a0\u00bb41px|87px||||\u00a0\u00bb global_colors_info=\u00a0\u00bb{}\u00a0\u00bb]<\/p>\n<h3 style=\"text-align: justify;\"><strong>2016<\/strong><br \/><span style=\"font-size: large;\">Afin de m\u2019\u00e9panouir pleinement, de multiplier les exp\u00e9riences et d\u2019apporter mon expertise dans diff\u00e9rents domaines, je me mets \u00e0 mon compte en tant que designer et infographiste sp\u00e9cialis\u00e9 lumi\u00e8re. \u00abLe design est pour moi une mani\u00e8re de procurer une exp\u00e9rience sensible \u00e0 l\u2019utilisateur \u00e0 travers une perception originale et innovante de son environnement. D\u00e9coulant d\u2019une cr\u00e9ativit\u00e9 humaniste, il doit prendre en compte le comportement humain personnel et collectif pour apporter une r\u00e9ponse adapt\u00e9e \u00e0 un besoin.\u00bb<\/span><\/h3>\n<p>[\/et_pb_text][\/et_pb_column][\/et_pb_row][\/et_pb_section][et_pb_section fb_built=\u00a0\u00bb1&Prime; _builder_version=\u00a0\u00bb4.0.9&Prime; custom_padding=\u00a0\u00bb||0px|||\u00a0\u00bb global_colors_info=\u00a0\u00bb{}\u00a0\u00bb][et_pb_row column_structure=\u00a0\u00bb1_2,1_2&Prime; _builder_version=\u00a0\u00bb4.0.9&Prime; custom_padding=\u00a0\u00bb83px|||||\u00a0\u00bb global_colors_info=\u00a0\u00bb{}\u00a0\u00bb][et_pb_column type=\u00a0\u00bb1_2&Prime; _builder_version=\u00a0\u00bb4.0.9&Prime; global_colors_info=\u00a0\u00bb{}\u00a0\u00bb][et_pb_text _builder_version=\u00a0\u00bb4.0.9&Prime; width=\u00a0\u00bb94.1%\u00a0\u00bb custom_margin=\u00a0\u00bb|51px||||\u00a0\u00bb custom_padding=\u00a0\u00bb67px|||166px||\u00a0\u00bb global_colors_info=\u00a0\u00bb{}\u00a0\u00bb]<\/p>\n<h3 style=\"text-align: justify;\"><strong>2019<\/strong><br \/><span style=\"font-size: large;\">La transmission de la connaissance est pour moi essentielle. Curieux et observateur de nature, je pr\u00f4ne toujours un dialogue collectif et compl\u00e9mentaire pour enrichir l\u2019exp\u00e9rience de chacun. En parall\u00e8le de mon activit\u00e9, j\u2019ai eu la chance d\u2019int\u00e9grer Efficom Lille en tant qu\u2019enseignant formateur en \u00e9clairage et domotique.<\/span><\/h3>\n<p>[\/et_pb_text][\/et_pb_column][et_pb_column type=\u00a0\u00bb1_2&Prime; _builder_version=\u00a0\u00bb4.0.9&Prime; global_colors_info=\u00a0\u00bb{}\u00a0\u00bb][et_pb_image src=\u00a0\u00bbhttps:\/\/www.fgfcreation.fr\/wp-content\/uploads\/2020\/01\/Efficom.png\u00a0\u00bb align=\u00a0\u00bbcenter\u00a0\u00bb _builder_version=\u00a0\u00bb4.0.9&Prime; custom_margin=\u00a0\u00bb||39px|||\u00a0\u00bb custom_padding=\u00a0\u00bb55px|249px|60px|0px||\u00a0\u00bb global_colors_info=\u00a0\u00bb{}\u00a0\u00bb][\/et_pb_image][\/et_pb_column][\/et_pb_row][\/et_pb_section][et_pb_section fb_built=\u00a0\u00bb1&Prime; _builder_version=\u00a0\u00bb4.14.7&Prime; _module_preset=\u00a0\u00bbdefault\u00a0\u00bb min_height=\u00a0\u00bb148.3px\u00a0\u00bb custom_padding=\u00a0\u00bb2px||0px|||\u00a0\u00bb global_colors_info=\u00a0\u00bb{}\u00a0\u00bb][et_pb_row column_structure=\u00a0\u00bb1_4,1_4,1_4,1_4&Prime; _builder_version=\u00a0\u00bb4.14.7&Prime; _module_preset=\u00a0\u00bbdefault\u00a0\u00bb custom_margin=\u00a0\u00bb|auto|-1px|auto||\u00a0\u00bb global_colors_info=\u00a0\u00bb{}\u00a0\u00bb][et_pb_column type=\u00a0\u00bb1_4&Prime; _builder_version=\u00a0\u00bb4.14.7&Prime; _module_preset=\u00a0\u00bbdefault\u00a0\u00bb global_colors_info=\u00a0\u00bb{}\u00a0\u00bb][\/et_pb_column][et_pb_column type=\u00a0\u00bb1_4&Prime; _builder_version=\u00a0\u00bb4.14.7&Prime; _module_preset=\u00a0\u00bbdefault\u00a0\u00bb global_colors_info=\u00a0\u00bb{}\u00a0\u00bb][et_pb_image src=\u00a0\u00bbhttps:\/\/www.fgfcreation.fr\/wp-content\/uploads\/2022\/02\/logo_gil_luminaire.jpg\u00a0\u00bb title_text=\u00a0\u00bblogo_gil_luminaire\u00a0\u00bb _builder_version=\u00a0\u00bb4.14.7&Prime; _module_preset=\u00a0\u00bbdefault\u00a0\u00bb global_colors_info=\u00a0\u00bb{}\u00a0\u00bb][\/et_pb_image][\/et_pb_column][et_pb_column type=\u00a0\u00bb1_4&Prime; _builder_version=\u00a0\u00bb4.14.7&Prime; _module_preset=\u00a0\u00bbdefault\u00a0\u00bb global_colors_info=\u00a0\u00bb{}\u00a0\u00bb][et_pb_text _builder_version=\u00a0\u00bb4.14.7&Prime; _module_preset=\u00a0\u00bbdefault\u00a0\u00bb custom_margin=\u00a0\u00bb|-46px||||\u00a0\u00bb global_colors_info=\u00a0\u00bb{}\u00a0\u00bb]<\/p>\n<h2><span style=\"font-size: x-large;\">Membre du <\/span><\/h2>\n<h2><span style=\"font-size: x-large;\">Syndicat du luminaire <\/span><\/h2>\n<h2><span style=\"font-size: x-large;\">depuis 2021.<\/span><\/h2>\n<h2><span style=\"font-size: x-large;\"> https:\/\/www.luminaire.org\/<\/span><\/h2>\n<p><span style=\"font-size: x-large;\"><\/span><\/p>\n<p>[\/et_pb_text][\/et_pb_column][et_pb_column type=\u00a0\u00bb1_4&Prime; _builder_version=\u00a0\u00bb4.14.7&Prime; _module_preset=\u00a0\u00bbdefault\u00a0\u00bb global_colors_info=\u00a0\u00bb{}\u00a0\u00bb][\/et_pb_column][\/et_pb_row][et_pb_row _builder_version=\u00a0\u00bb4.14.7&Prime; _module_preset=\u00a0\u00bbdefault\u00a0\u00bb min_height=\u00a0\u00bb78.1px\u00a0\u00bb custom_margin=\u00a0\u00bb5px|auto||auto||\u00a0\u00bb custom_padding=\u00a0\u00bb0px||0px|||\u00a0\u00bb border_width_top=\u00a0\u00bb1px\u00a0\u00bb global_colors_info=\u00a0\u00bb{}\u00a0\u00bb][et_pb_column type=\u00a0\u00bb4_4&Prime; _builder_version=\u00a0\u00bb4.14.7&Prime; _module_preset=\u00a0\u00bbdefault\u00a0\u00bb global_colors_info=\u00a0\u00bb{}\u00a0\u00bb][et_pb_text _builder_version=\u00a0\u00bb4.14.7&Prime; _module_preset=\u00a0\u00bbdefault\u00a0\u00bb custom_margin=\u00a0\u00bb17px|||||\u00a0\u00bb custom_padding=\u00a0\u00bb25px||2px|||\u00a0\u00bb global_colors_info=\u00a0\u00bb{}\u00a0\u00bb]<\/p>\n<h3 style=\"text-align: center;\"><span style=\"font-size: xx-large;\">Ils me font confiance<\/span><\/h3>\n<p>[\/et_pb_text][\/et_pb_column][\/et_pb_row][\/et_pb_section][et_pb_section fb_built=\u00a0\u00bb1&Prime; _builder_version=\u00a0\u00bb4.14.7&Prime; _module_preset=\u00a0\u00bbdefault\u00a0\u00bb custom_margin=\u00a0\u00bb-61px|||||\u00a0\u00bb global_colors_info=\u00a0\u00bb{}\u00a0\u00bb][et_pb_row _builder_version=\u00a0\u00bb4.14.7&Prime; _module_preset=\u00a0\u00bbdefault\u00a0\u00bb custom_margin=\u00a0\u00bb-22px|auto||auto||\u00a0\u00bb global_colors_info=\u00a0\u00bb{}\u00a0\u00bb][et_pb_column type=\u00a0\u00bb4_4&Prime; _builder_version=\u00a0\u00bb4.14.7&Prime; _module_preset=\u00a0\u00bbdefault\u00a0\u00bb global_colors_info=\u00a0\u00bb{}\u00a0\u00bb][et_pb_image src=\u00a0\u00bbhttps:\/\/www.fgfcreation.fr\/wp-content\/uploads\/2022\/01\/Planche-logos-clients-fgf-creation-fabien-foulon-design-0-scaled.jpg\u00a0\u00bb title_text=\u00a0\u00bbPlanche-logos-clients-fgf-creation-fabien-foulon-design-0&Prime; _builder_version=\u00a0\u00bb4.14.7&Prime; _module_preset=\u00a0\u00bbdefault\u00a0\u00bb min_height=\u00a0\u00bb838px\u00a0\u00bb custom_margin=\u00a0\u00bb-2px|||||\u00a0\u00bb global_colors_info=\u00a0\u00bb{}\u00a0\u00bb][\/et_pb_image][\/et_pb_column][\/et_pb_row][\/et_pb_section]<\/p>\n","protected":false},"excerpt":{"rendered":"<p>Designer de formation et b\u00e9n\u00e9ficiant d&rsquo;une exp\u00e9rience professionnelle dans le milieu de l\u2019\u00e9quipement \u00e9lectrique urbain li\u00e9 \u00e0 l\u2019\u00e9clairage public et la mise en lumi\u00e8re, je cr\u00e9e mon entreprise FGF Cr\u00e9ation en 2016 \u00e0 Lille &#8211; FRANCE. Titulaire d&rsquo;un Dipl\u00f4me National Sup\u00e9rieur d\u2019Expression Plastique sp\u00e9cialit\u00e9 Design d\u2019Espace (bac+5), ma pratique plastique questionne la mat\u00e9rialit\u00e9 de la [&hellip;]<\/p>\n","protected":false},"author":1,"featured_media":0,"parent":0,"menu_order":0,"comment_status":"closed","ping_status":"closed","template":"","meta":{"_et_pb_use_builder":"on","_et_pb_old_content":"<!-- wp:divi\/placeholder \/-->","_et_gb_content_width":"","footnotes":""},"_links":{"self":[{"href":"https:\/\/www.fgfcreation.fr\/index.php\/wp-json\/wp\/v2\/pages\/1020"}],"collection":[{"href":"https:\/\/www.fgfcreation.fr\/index.php\/wp-json\/wp\/v2\/pages"}],"about":[{"href":"https:\/\/www.fgfcreation.fr\/index.php\/wp-json\/wp\/v2\/types\/page"}],"author":[{"embeddable":true,"href":"https:\/\/www.fgfcreation.fr\/index.php\/wp-json\/wp\/v2\/users\/1"}],"replies":[{"embeddable":true,"href":"https:\/\/www.fgfcreation.fr\/index.php\/wp-json\/wp\/v2\/comments?post=1020"}],"version-history":[{"count":24,"href":"https:\/\/www.fgfcreation.fr\/index.php\/wp-json\/wp\/v2\/pages\/1020\/revisions"}],"predecessor-version":[{"id":2249,"href":"https:\/\/www.fgfcreation.fr\/index.php\/wp-json\/wp\/v2\/pages\/1020\/revisions\/2249"}],"wp:attachment":[{"href":"https:\/\/www.fgfcreation.fr\/index.php\/wp-json\/wp\/v2\/media?parent=1020"}],"curies":[{"name":"wp","href":"https:\/\/api.w.org\/{rel}","templated":true}]}}